{"id":2,"date":"2017-07-10T10:37:00","date_gmt":"2017-07-10T08:37:00","guid":{"rendered":"http:\/\/rehababy.pl\/?page_id=2"},"modified":"2017-07-19T14:26:31","modified_gmt":"2017-07-19T12:26:31","slug":"page-d-exemple","status":"publish","type":"page","link":"https:\/\/rehababy.pl\/?page_id=2","title":{"rendered":"O mnie"},"content":{"rendered":"<p><strong>Uko\u0144czone kursy:<\/strong><\/p>\n<p>&#8211; Dziecko wiotkie. Terapia oddechowa &#8211; warsztaty NDT-Bobath <em><font color=\"silver\">&#8211; Warszawa 2012<\/font><\/em><\/p>\n<p>&#8211; Wielowymiarowa terapia manualna st\u00f3p <em><font color=\"silver\">&#8211; Wroc\u0142aw 2012<\/font><\/em><\/p>\n<p>&#8211; Zintegrowane techniki diagnostyczno-terapeutyczne w rehabilitacji dzieci <em><font color=\"silver\">&#8211; Rzesz\u00f3w 2012<\/font><\/em><\/p>\n<p>&#8211; Neurofizjologiczne podstawy proces\u00f3w integracji sensorycznej I stonia <em><font color=\"silver\">&#8211; Warszawa 2012<\/font><\/em><\/p>\n<p>&#8211; Medical Taping Concept in Paediatrics <em><font color=\"silver\">&#8211; Krak\u00f3w 2011<\/font><\/em><\/p>\n<p>&#8211; Terapia Neurorozwojowa NDT-Bobath Baby <em><font color=\"silver\">&#8211; Leszno 2011<\/font><\/em><\/p>\n<p>&#8211; Nowoczesne metody fizjoterapeutyczne w praktyce &#8211; cykl szkoleniowy <em><font color=\"silver\">&#8211; Rzesz\u00f3w 2010<\/font><\/em><\/p>\n<p>&#8211; Manualny drena\u017c limfatyczny z elementami kompresjoterapii cz\u0119\u015b\u0107 I <em><font color=\"silver\">&#8211; Bi\u0142goraj 2009<\/font><\/em><\/p>\n<p>&#8211; Kinesiology Taping <em><font color=\"silver\">&#8211; Zamo\u015b\u0107 2009<\/font><\/em><\/p>\n<p>&#8211; Terapia Neurorozwojowa NDT-Bobath <em><font color=\"silver\">&#8211; Krak\u00f3w 2007<\/font><\/em><\/p>\n<p>&#8211; Kurs masa\u017cu leczniczego II stopnia <em><font color=\"silver\">Krak\u00f3w 2007<\/font><\/em><\/p>\n<p>&#8211; R\u00f3\u017cne formy kompleksowej rehabilitacji w leczeniu chorych na SM <em><font color=\"silver\">&#8211; D\u0105bek 1998<\/font><\/em><\/p>\n<p>&#8211; Ruch Rozwijaj\u0105cy wg. Weroniki Sherborne Kurs podstawowy <em><font color=\"silver\">&#8211; Kazimierz Dolny 1997<\/font><\/em><\/p>\n","protected":false},"excerpt":{"rendered":"<p>Uko\u0144czone kursy: &#8211; Dziecko wiotkie. Terapia oddechowa &#8211; warsztaty NDT-Bobath &#8211; Warszawa 2012 &#8211; Wielowymiarowa terapia manualna st\u00f3p &#8211; Wroc\u0142aw 2012 &#8211; Zintegrowane techniki diagnostyczno-terapeutyczne w rehabilitacji dzieci &#8211; Rzesz\u00f3w 2012 &#8211; Neurofizjologiczne podstawy proces\u00f3w integracji sensorycznej I stonia &#8211; Warszawa 2012 &#8211; Medical Taping Concept in Paediatrics &#8211; Krak\u00f3w 2011 &#8211; Terapia Neurorozwojowa NDT-Bobath [&hellip;]<\/p>\n","protected":false},"author":1,"featured_media":0,"parent":0,"menu_order":0,"comment_status":"closed","ping_status":"open","template":"","meta":[],"_links":{"self":[{"href":"https:\/\/rehababy.pl\/index.php?rest_route=\/wp\/v2\/pages\/2"}],"collection":[{"href":"https:\/\/rehababy.pl\/index.php?rest_route=\/wp\/v2\/pages"}],"about":[{"href":"https:\/\/rehababy.pl\/index.php?rest_route=\/wp\/v2\/types\/page"}],"author":[{"embeddable":true,"href":"https:\/\/rehababy.pl\/index.php?rest_route=\/wp\/v2\/users\/1"}],"replies":[{"embeddable":true,"href":"https:\/\/rehababy.pl\/index.php?rest_route=%2Fwp%2Fv2%2Fcomments&post=2"}],"version-history":[{"count":3,"href":"https:\/\/rehababy.pl\/index.php?rest_route=\/wp\/v2\/pages\/2\/revisions"}],"predecessor-version":[{"id":35,"href":"https:\/\/rehababy.pl\/index.php?rest_route=\/wp\/v2\/pages\/2\/revisions\/35"}],"wp:attachment":[{"href":"https:\/\/rehababy.pl\/index.php?rest_route=%2Fwp%2Fv2%2Fmedia&parent=2"}],"curies":[{"name":"wp","href":"https:\/\/api.w.org\/{rel}","templated":true}]}}