{"id":24,"date":"2017-07-19T13:41:11","date_gmt":"2017-07-19T11:41:11","guid":{"rendered":"http:\/\/rehababy.pl\/?page_id=24"},"modified":"2017-07-19T13:41:11","modified_gmt":"2017-07-19T11:41:11","slug":"oferta","status":"publish","type":"page","link":"https:\/\/rehababy.pl\/?page_id=24","title":{"rendered":"Oferta"},"content":{"rendered":"<p><strong>Usprawnianie w przypadku:<\/strong><\/p>\n<ul>\n<li>zaburze\u0144 ruchowych pochodzenia o\u015brodkowego<\/li>\n<li>zaburzenia napi\u0119cia mi\u0119\u015bni<\/li>\n<li>op\u00f3\u017anienia rozwoju psychomotorycznego<\/li>\n<li>asymetrii posturalnych,<\/li>\n<li>m\u00f3zgowego pora\u017cenia dzieci\u0119cego,<\/li>\n<li>przepuklin oponowo &#8211; rdzeniowych,<\/li>\n<li>uszkodzenia splot\u00f3w ramiennych,<\/li>\n<li>schorze\u0144 ortopedycznych;<\/li>\n<li>wad postawy,<\/li>\n<li>kr\u0119czu szyi,<\/li>\n<li>zespo\u0142u Downa<\/li>\n<\/ul>\n<p>i innych.<\/p>\n","protected":false},"excerpt":{"rendered":"<p>Usprawnianie w przypadku: zaburze\u0144 ruchowych pochodzenia o\u015brodkowego zaburzenia napi\u0119cia mi\u0119\u015bni op\u00f3\u017anienia rozwoju psychomotorycznego asymetrii posturalnych, m\u00f3zgowego pora\u017cenia dzieci\u0119cego, przepuklin oponowo &#8211; rdzeniowych, uszkodzenia splot\u00f3w ramiennych, schorze\u0144 ortopedycznych; wad postawy, kr\u0119czu szyi, zespo\u0142u Downa i innych.<\/p>\n","protected":false},"author":1,"featured_media":0,"parent":0,"menu_order":0,"comment_status":"closed","ping_status":"closed","template":"","meta":[],"_links":{"self":[{"href":"https:\/\/rehababy.pl\/index.php?rest_route=\/wp\/v2\/pages\/24"}],"collection":[{"href":"https:\/\/rehababy.pl\/index.php?rest_route=\/wp\/v2\/pages"}],"about":[{"href":"https:\/\/rehababy.pl\/index.php?rest_route=\/wp\/v2\/types\/page"}],"author":[{"embeddable":true,"href":"https:\/\/rehababy.pl\/index.php?rest_route=\/wp\/v2\/users\/1"}],"replies":[{"embeddable":true,"href":"https:\/\/rehababy.pl\/index.php?rest_route=%2Fwp%2Fv2%2Fcomments&post=24"}],"version-history":[{"count":1,"href":"https:\/\/rehababy.pl\/index.php?rest_route=\/wp\/v2\/pages\/24\/revisions"}],"predecessor-version":[{"id":25,"href":"https:\/\/rehababy.pl\/index.php?rest_route=\/wp\/v2\/pages\/24\/revisions\/25"}],"wp:attachment":[{"href":"https:\/\/rehababy.pl\/index.php?rest_route=%2Fwp%2Fv2%2Fmedia&parent=24"}],"curies":[{"name":"wp","href":"https:\/\/api.w.org\/{rel}","templated":true}]}}